{"id":35,"date":"2024-07-23T10:36:00","date_gmt":"2024-07-23T10:36:00","guid":{"rendered":"https:\/\/nbthk.eu\/?page_id=35"},"modified":"2024-09-11T12:35:06","modified_gmt":"2024-09-11T12:35:06","slug":"nbthk","status":"publish","type":"page","link":"https:\/\/nbthk.eu\/ger\/nbthk\/","title":{"rendered":"NBTHK"},"content":{"rendered":"<\/p>\n\n\n\n<p>Die <strong>Nippon Bijutsu Token Hozon Kyokai<\/strong> kurz NBTHK, hat Zweck und Ziel bereits mit ihrem Namen festgelegt. Die deutsche \u00dcbersetzung des Gesellschaftsnamens lautet: &#8220;Gesellschaft zur Erhaltung des japanischen Kunst-Schwertes&#8221;. Die japanische Muttergesellschaft hat ihren Sitz am japanischen Schwertmuseum in 130-0015 Tokyo, Sumida-ku, 1-12-9 Yokoami.<\/p>\n\n\n\n<figure class=\"wp-block-image size-full\"><img loading=\"lazy\" decoding=\"async\" width=\"640\" height=\"480\" src=\"http:\/\/nbthk.eu\/wp-content\/uploads\/2024\/07\/museum.jpg\" alt=\"\" class=\"wp-image-39\" srcset=\"https:\/\/nbthk.eu\/wp-content\/uploads\/2024\/07\/museum.jpg 640w, https:\/\/nbthk.eu\/wp-content\/uploads\/2024\/07\/museum-300x225.jpg 300w\" sizes=\"auto, (max-width: 640px) 100vw, 640px\" \/><figcaption class=\"wp-element-caption\">NBTHK Museum Tokyo<\/figcaption><\/figure>\n\n\n\n<figure class=\"wp-block-image size-full\"><img loading=\"lazy\" decoding=\"async\" width=\"640\" height=\"480\" src=\"http:\/\/nbthk.eu\/wp-content\/uploads\/2024\/07\/park.jpg\" alt=\"\" class=\"wp-image-37\" srcset=\"https:\/\/nbthk.eu\/wp-content\/uploads\/2024\/07\/park.jpg 640w, https:\/\/nbthk.eu\/wp-content\/uploads\/2024\/07\/park-300x225.jpg 300w\" sizes=\"auto, (max-width: 640px) 100vw, 640px\" \/><figcaption class=\"wp-element-caption\">Park des Museums<\/figcaption><\/figure>\n\n\n\n<h3 class=\"wp-block-heading\">Zur Geschichte der NBTHK<\/h3>\n\n\n\n<p>Die Siegerm\u00e4chte hatten am Ende des 2. Weltkrieges angeordnet, alle japanischen Waffen, insbesondere die Schwerter, einzuziehen und zu vernichten. Gerade der Verlust der historisch und k\u00fcnstlerisch hochwertigen Klingen, die in ihrer Art weltweit einzigartig und unverwechselbar sind, h\u00e4tte nicht nur f\u00fcr die Japanische Kunst und Kultur, sondern auch f\u00fcr die Kulturen der Welt einen unersetzlichen Verlust bedeutet. Kunst-Schwerter stellen auch heute zahlenm\u00e4\u00dfig den gr\u00f6\u00dften Anteil aller registrierten japanischen Staatssch\u00e4tze und wichtigen Kulturg\u00fcter dar.<\/p>\n\n\n\n<p>Auf dringende Intervention sachverst\u00e4ndiger Experten, von Kunsthistorikern und Museen und verst\u00e4ndnisvollen Offizieren der amerikanischen Milit\u00e4rverwaltung in Japan, die die Vernichtung eines der bedeutendsten japanischen Kulturg\u00fcter bef\u00fcrchteten, konnten viele der wertvollen Klingen vor der Vernichtung bewahrt werden. In Folge dieser Bem\u00fchungen wurde 1948 die NBTHK mit Sitz in Tokyo gegr\u00fcndet.<\/p>\n\n\n\n<p>Ihr Auftrag lautete: Bestimmung, Unterscheidung und Aussonderung der Kunst\u2013Schwerter von den Massen beschlagnahmter Waffen. Zu den Waffen z\u00e4hlten die meistens maschinell hergestellten, k\u00fcnstlerisch und historisch unbedeutenden Milit\u00e4rklingen. Die k\u00fcnstlerisch bedeutenden Schwerter sollten registriert und erhalten werden.<\/p>\n\n\n\n<p>Dieser Auftrag an die Experten der NBTHK gilt noch heute. Jedes Schwert, das aus dem Ausland nach Japan kommt oder in Japan wiederaufgefunden wird, muss einer Kommission vorgelegt werden, der auch offizielle Mitglieder der NBTHK angeh\u00f6ren. Falls die Kommission einer Klinge keine Lizenz als registriertes Kunst\u2013Schwert erteilt, droht der Klinge auch heute noch die sofortige Einziehung und umgehende Zerst\u00f6rung, da sie als blo\u00dfe Waffe angesehen wird.<\/p>\n\n\n\n<p><\/p>\n\n\n\n<h3 class=\"wp-block-heading\">Gesellschaftszweck der NBTHK<\/h3>\n\n\n\n<p>ie NBTHK hat sich damals ihre heute noch geltenden Ziele gesetzt:<\/p>\n\n\n\n<ul class=\"wp-block-list\">\n<li>Erhaltung und Studium der japanischen Kunst\u2013Schwerter<\/li>\n\n\n\n<li>Wecken von Verst\u00e4ndnis f\u00fcr das japanische Kunst\u2013Schwert und Verbreitung von Kenntnissen dar\u00fcber<\/li>\n\n\n\n<li>Bestimmen, Anerkennen und Registrieren der Kunst\u2013Schwerter entsprechend ihrer Herkunft und Qualifikation als wichtige japanische Kulturg\u00fcter und Kunstgegenst\u00e4nde<\/li>\n\n\n\n<li>Erstellung von Fachstudien \u00fcber die japanische Schwertschmiedekunst und deren Meister<\/li>\n\n\n\n<li>Zu den erhaltenswerten Kunstwerken geh\u00f6ren auch die vielf\u00e4ltigen Objekte der Schwertzierate und<\/li>\n\n\n\n<li>Schwertmontierungen, wie Koshirae, Tsuba und die verschiedenen zugeh\u00f6rigen Teile des Kodogu.<\/li>\n<\/ul>\n\n\n\n<h3 class=\"wp-block-heading\">Das Japanische Kunst-Schwert<\/h3>\n\n\n\n<ul class=\"wp-block-list\">\n<li>Kunst\u2013Schwert im Sinne der NBTHK und damit &#8220;sammelw\u00fcrdiges Kunstwerk&#8221; ist jedes japanische Schwert, das nach der komplexen traditionellen Methode hergestellt ist und \u00fcber k\u00fcnstlerische Qualit\u00e4t, die sich in Form, Aufbau und in den verschiedenen Schmiede\u2013 und H\u00e4rtungsstrukturen zeigt, verf\u00fcgt.<\/li>\n\n\n\n<li>Solche Klingen werden auch heute noch von erfahrenen lizensierten japanischen Polierern restauriert, bzw. in einem aufwendigen Prozess, der die Merkmale der Klinge sichtbar macht und hervorhebt, poliert.<\/li>\n\n\n\n<li>Nur so sind die Qualit\u00e4tsmerkmale erkennbar, wodurch die Klinge nach Alter, Herkunft und Schmied bzw. Schmiedeschule, auch ohne Signatur, weitestgehend bestimmbar ist.<br><\/li>\n<\/ul>\n\n\n\n<h3 class=\"wp-block-heading\">T\u00e4tigkeiten der NBTHK<\/h3>\n\n\n\n<p>Die NBTHK mit Sitz in Tokyo hat 90 Zweigstellen in Japan und nur zwei au\u00dferhalb Japans, n\u00e4mlich die NBTHK\u2013European Branch und die NBTHK\u2013American Branch.<\/p>\n\n\n\n<p>Die NBTHK verfolgt ihre satzungsm\u00e4\u00dfigen Ziele durch:<\/p>\n\n\n\n<ol class=\"wp-block-list\">\n<li>Bestimmung, Klassifikation und Dokumentation japanischer Kunst\u2013Schwerter<\/li>\n\n\n\n<li>Betrieb einer Anlage zur traditionellen Herstellung von &#8220;Tamahagane&#8221;, einem speziellen, zur Herstellung von Schwertern geeigneten Grund\u2013 oder Roheisen<\/li>\n\n\n\n<li>Veranstaltung von Wettbewerben f\u00fcr Schwertschmiede, Polierer und sonstigen im Umfeld des Schwertes t\u00e4tigen K\u00fcnstlern<\/li>\n\n\n\n<li>Veranstaltungen und Leitung von Studienkursen<\/li>\n\n\n\n<li>Herausgabe einer monatlichen Zeitschrift mit Besprechungen und Darstellungen von besonderen Schwertern, Schwertschmieden, Herstellungsverfahren, Pflegehinweisen und Literatur. Die Zeitschrift wird \u00fcber die Mitgliedsbeitr\u00e4ge und H\u00e4ndlerannoncen finanziert<\/li>\n\n\n\n<li>Herausgabe von Fachliteratur zu den verschiedenen Bereichen des Fachgebiets<\/li>\n\n\n\n<li>Unterst\u00fctzung bei Pflege und Reparatur von Schwertern und Schwertzieraten, Beschaffung von Pflegemitteln und Zubeh\u00f6r<\/li>\n\n\n\n<li>J\u00e4hrliche und periodische Ausstellungen mit der M\u00f6glichkeit, auch h\u00f6chstklassifizierte Schwerter aus n\u00e4chster N\u00e4he zu betrachten oder bei besonderen Gelegenheiten zum intensiven Studium auch selbst in die Hand zu nehmen<\/li>\n\n\n\n<li>St\u00e4ndige Ausstellung von bedeutenden Schwertern im gesellschaftseigenen Museum in Tokyo<\/li>\n<\/ol>\n\n\n<p>\n\n\n\n<p class=\"nbthk_none\"><a href=\"https:\/\/nihoncollection.com\/\">Nihon Collection<\/a><\/p>","protected":false},"excerpt":{"rendered":"<p>Nihon Collection<\/p>","protected":false},"author":1,"featured_media":0,"parent":0,"menu_order":0,"comment_status":"closed","ping_status":"closed","template":"","meta":{"footnotes":""},"class_list":["post-35","page","type-page","status-publish","hentry"],"_links":{"self":[{"href":"https:\/\/nbthk.eu\/ger\/wp-json\/wp\/v2\/pages\/35","targetHints":{"allow":["GET"]}}],"collection":[{"href":"https:\/\/nbthk.eu\/ger\/wp-json\/wp\/v2\/pages"}],"about":[{"href":"https:\/\/nbthk.eu\/ger\/wp-json\/wp\/v2\/types\/page"}],"author":[{"embeddable":true,"href":"https:\/\/nbthk.eu\/ger\/wp-json\/wp\/v2\/users\/1"}],"replies":[{"embeddable":true,"href":"https:\/\/nbthk.eu\/ger\/wp-json\/wp\/v2\/comments?post=35"}],"version-history":[{"count":11,"href":"https:\/\/nbthk.eu\/ger\/wp-json\/wp\/v2\/pages\/35\/revisions"}],"predecessor-version":[{"id":110,"href":"https:\/\/nbthk.eu\/ger\/wp-json\/wp\/v2\/pages\/35\/revisions\/110"}],"wp:attachment":[{"href":"https:\/\/nbthk.eu\/ger\/wp-json\/wp\/v2\/media?parent=35"}],"curies":[{"name":"wp","href":"https:\/\/api.w.org\/{rel}","templated":true}]}}