{"id":36,"date":"2024-07-23T10:31:21","date_gmt":"2024-07-23T10:31:21","guid":{"rendered":"https:\/\/nbthk.eu\/?page_id=36"},"modified":"2024-09-11T14:49:05","modified_gmt":"2024-09-11T14:49:05","slug":"register","status":"publish","type":"page","link":"https:\/\/nbthk.eu\/ger\/register\/","title":{"rendered":"Mitgliedschaft"},"content":{"rendered":"<\/p>\n\n\n\n<p><b>In der Mitgliedschaft enthalten sind<\/b><\/p>\n\n\n\n<ul class=\"wp-block-list\">\n<li>NBTHK Mitgliedsausweis des Mutterhauses in Tokyo<\/li>\n\n\n\n<li>NBTHK Anstecknadel<\/li>\n\n\n\n<li>Die gedruckte monatliche Publikation \u201eToken Bijutsu\u201c in japanischer Sprache. (Teil\u00fcbersetzungen in<br>Englisch k\u00f6nnen kostenlos online bezogen werden)<\/li>\n\n\n\n<li>Eine \u00dcbersetzung ausgew\u00e4hlter Artikel des \u201eToken Bijutsu\u201c in Deutsch und Englisch per Email.<\/li>\n\n\n\n<li>Sporadisch erscheinende Referatstexte.<\/li>\n\n\n\n<li>Einladungen zu Treffen und Veranstaltungen der NBTHK EB. (Ausstellung von Hozon, Tokubetsu Hozon, Juyo<br>und Tokubetsu Juyo Token Klingen und Zierraten, Kantei und mehr.)<\/li>\n<\/ul>\n\n\n\n<p>Gerne k\u00f6nnen Sie einmalig an einem Treffen der NBTHK\u2013EB als Gast teilnehmen. Nicht\u2013Mitglieder zahlen f\u00fcr<br>weitere Teilnahmen jeweils 15,00 \u20acuro. F\u00fcr Mitglieder der NBTHK\u2013EB und nat\u00fcrlich f\u00fcr Mitglieder der NBTHK<br>Japan ist die Teilnahme an unseren Treffen kostenlos.<\/p>\n\n\n\n<p><b>Die Kosten:<\/b><br>Die einmalig f\u00e4llige Anmeldegeb\u00fchr betr\u00e4gt 50 Euro.<br>Der j\u00e4hrliche Mitgliedsbeitrag betr\u00e4gt z. Zt. 170 Euro.<\/p>\n\n\n\n<p><\/p>\n\n\n\n<p>Aus Gr\u00fcnden der Transparenz von Datenverarbeitungsprozessen nehmen wir die folgende datenschutzrechtliche<br>Unterrichtung gem\u00e4\u00df (Art. 13 Abs. 1 und Abs. 2 DSGVO) vor:<\/p>\n\n\n\n<ul class=\"wp-block-list\">\n<li>F\u00fcr die Datenverarbeitungsprozesse in unserem Verein ist der Gesamtvorstand des Vereins verantwortlich.<br>Sie erreichen die Verantwortlichen jederzeit unter der folgenden Email-Adresse: <a href=\"mailto:info@nbthk.eu\">info@nbthk.eu<\/a><\/li>\n\n\n\n<li>Rechtsgrundlage der Verarbeitung ist Art. 6 Abs. 1 lit. b) DSGVO &#8211; Bearbeitung eines Antrags auf<br>Mitgliedschaft in NBTHK\u2013EB.<\/li>\n\n\n\n<li>Zwecke der Verarbeitung, Empf\u00e4nger, Speicherdauer der personenbezogenen Daten, Belehrung \u00fcber<br>Betroffenenrechte (Auskunft, Berichtigung, L\u00f6schung, Einschr\u00e4nkung der Verarbeitung, Widerspruchsrecht<br>gegen Verarbeitung) finden Sie in der <a href=\"https:\/\/nbthk.eu\/ger\/data-protection\/\" data-type=\"page\" data-id=\"16\">Datenschutzrichtlinie<\/a><br>des Vereins.<\/li>\n<\/ul>\n\n\n\n<h3 class=\"wp-block-heading\">Weitergabe der Daten an internationale Organisationen<\/h3>\n\n\n\n<p>Jedes Mitglied tritt in unseren Verein mit der Absicht ein auch ein Mitglied von NBTHK Japan zu werden. Zu<br>diesem Zeitpunkt existiert kein Angemessenheitsbeschluss nach DSGVO f\u00fcr die \u00dcbertragung der pers\u00f6nlichen<br>Daten nach Japan. Ein DSGVO\u2013vergleichbarer Schutz der an NBTHK Japan \u00fcbertragenen personenbezogenen Daten<br>kann nicht garantiert werden. Daher unterschreiben die Mitglieder freiwillig eine <a href=\"http:\/\/nbthk.eu\/wp-content\/uploads\/2024\/07\/Einwilligungserklarung_NBTHK_EB.pdf\" target=\"_blank\" rel=\"noreferrer noopener\">Einwilligung<\/a> f\u00fcr die \u00dcbertragung der personenbezogenen Daten an NBTHK Japan Die Einwilligung kann jederzeit widerrufen<br>werden. Mit dem Widerruf der Einwilligung f\u00fcr die Daten\u00fcbertragung erlischt die Mitgliedschaft des jeweiligen Mitglieds in der NBTHK Japan und NBTHK\u2013EB zum Ende des Gesch\u00e4ftsjahres (aktuell 31. M\u00e4rz des jeweiligen Kalenderjahres) automatisch. Weitere Informationen dazu in der <a href=\"https:\/\/nbthk.eu\/ger\/data-protection\/\" data-type=\"page\" data-id=\"16\">Datenschutzrichtlinie<\/a> des Vereins.<\/p>\n\n\n\n<p>Sie haben jederzeit das Beschwerderecht bei einer Aufsichtsbeh\u00f6rde.<\/p>\n\n\n\n<p>Bitte senden Sie uns eine Email an <a href=\"mailto:info@nbthk.eu?subject=Anmeldung Mitgliedschaft\">info@nbthk.eu<\/a> mit dem Betreff &#8220;Anmeldung Mitgliedschaft&#8221; mit den folgenden Informationen:<\/p>\n\n\n\n<ul class=\"wp-block-list\">\n<li>Nachname<\/li>\n\n\n\n<li>Vorname<\/li>\n\n\n\n<li>Stra\u00dfe und Hausnummer<\/li>\n\n\n\n<li>Postleitzahl und Wohnort<\/li>\n\n\n\n<li>Land<\/li>\n\n\n\n<li>Telefonnummer<\/li>\n<\/ul>\n\n\n\n<p> Bitte f\u00fcgen Sie sie unterschriebene <a href=\"http:\/\/nbthk.eu\/wp-content\/uploads\/2024\/07\/Einwilligungserklarung_NBTHK_EB.pdf\" target=\"_blank\" rel=\"noreferrer noopener\">Einwilligung<\/a> bei.<\/p>\n\n\n\n<p>Seit 2023 ist au\u00dferdem eine Kopie eines Ausweises (Personalausweis\/F\u00fchrerschein) f\u00fcr die Anmeldung in Tokio notwendig. Sensitive Informationen wie Nummern k\u00f6nnen geschw\u00e4rzt werden.<\/p>\n\n\n\n<p>Bitte haben Sie Verst\u00e4ndnis, dass Ihr Antrag auf Mitgliedschaft in NBTHK EB ohne Einwilligung f\u00fcr die \u00dcbertragung der Mitgliedsdaten an NBTHK Japan nicht angenommen werden kann.<\/p>\n\n\n\n<p>Das fiskalische Jahr der NBTHK erstreckt sich vom 1. April bis zum 31. M\u00e4rz des folgenden Jahres. Ihre Anmeldung im Mutterhaus<br>und der damit verbundene Versand des monatlichen Magazins ist immer zu Begin des fiskalischen Jahres m\u00f6glich.<\/p>\n\n\n\n<p>Anmeldegeb\u00fchr und Mitgliedsbeitrag sind bitte auf untenstehendes Konto zu \u00fcberweisen. Nach Zahlungseingang werden wir Ihre Daten nach Tokyo weiterleiten und Sie in unser Mitgliederverzeichnis aufnehmen.<\/p>\n\n\n\n<p>Nach der Anmeldung erhalten Sie eine Best\u00e4tigung und mit Ihrer anschlie\u00dfenden \u00dcberweisung erfolgt die<br>Registrierung in Japan.<\/p>\n\n\n\n<p>NBTHKEB PEUKER <br>Volksbank RheinAhrEifel eG<br>IBAN: DE 155 776 15910 2 444 82 800<br>BIC: GENODED 1 BNA<\/p>\n\n\n\n<p>Kreuzstra\u00dfe 26a, 53474 Bad Neuenahr, Germany\u00a0<\/p>\n\n\n\n<p><b>Fragen zur Mitgliedschaft, oder allgemeine Anfragen:<\/b><br>Sie k\u00f6nnen uns gerne Ihre Nachricht per Email zukommen lassen, nutzen Sie hierzu untenstehenden Link:<\/p>\n\n\n\n<p><a href=\"mailto:info@nbthk.eu\">info@nbthk.eu<\/a><\/p>\n\n\n\n<p><\/p>\n\n\n<p>\n\n\n\n<p class=\"nbthk_none\"><a href=\"https:\/\/nihoncollection.com\/\">Nihon Collection<\/a><\/p>","protected":false},"excerpt":{"rendered":"<p>Nihon Collection<\/p>","protected":false},"author":1,"featured_media":0,"parent":0,"menu_order":0,"comment_status":"closed","ping_status":"closed","template":"","meta":{"footnotes":""},"class_list":["post-36","page","type-page","status-publish","hentry"],"_links":{"self":[{"href":"https:\/\/nbthk.eu\/ger\/wp-json\/wp\/v2\/pages\/36","targetHints":{"allow":["GET"]}}],"collection":[{"href":"https:\/\/nbthk.eu\/ger\/wp-json\/wp\/v2\/pages"}],"about":[{"href":"https:\/\/nbthk.eu\/ger\/wp-json\/wp\/v2\/types\/page"}],"author":[{"embeddable":true,"href":"https:\/\/nbthk.eu\/ger\/wp-json\/wp\/v2\/users\/1"}],"replies":[{"embeddable":true,"href":"https:\/\/nbthk.eu\/ger\/wp-json\/wp\/v2\/comments?post=36"}],"version-history":[{"count":10,"href":"https:\/\/nbthk.eu\/ger\/wp-json\/wp\/v2\/pages\/36\/revisions"}],"predecessor-version":[{"id":136,"href":"https:\/\/nbthk.eu\/ger\/wp-json\/wp\/v2\/pages\/36\/revisions\/136"}],"wp:attachment":[{"href":"https:\/\/nbthk.eu\/ger\/wp-json\/wp\/v2\/media?parent=36"}],"curies":[{"name":"wp","href":"https:\/\/api.w.org\/{rel}","templated":true}]}}